{"id":52,"date":"2021-06-05T12:56:22","date_gmt":"2021-06-05T10:56:22","guid":{"rendered":"https:\/\/bioherbis.ba\/?page_id=52"},"modified":"2022-06-23T12:50:09","modified_gmt":"2022-06-23T10:50:09","slug":"o-nama","status":"publish","type":"page","link":"https:\/\/bioherbis.ba\/index.php\/o-nama\/","title":{"rendered":"O nama"},"content":{"rendered":"<h2>100 godina privatnog porodi\u010dnog biznisa<\/h2>\n<p>Na\u0161a firma GIR d.o.o. Gra\u010danica nastavlja skoro 100 godina staru tradiciju porodi\u010dnog privatnog biznisa.<\/p>\n<p>Posljednje \u010detiri decenije privredna aktivnost ogleda se u proizvodnji predmeta od plastike, a dvadeset godina i u trgovinskoj djelatnosti.<\/p>\n<p>Od po\u010detka 2021.god., uz ranije stvorene uslove, firma se po\u010dinje baviti odabirom, otkupom, preradom i prodajom<br \/>samoniklog ljekovitog bilja, a u skladu sa certifikacijskim programom Organska Kontrola (OK).<\/p>\n<p>Sa preko 100 certificiranih bera\u010da, pokrivamo podru\u010dje \u010detiri kantona u Federaciji Bosne i Hercegovine i isto\u010dni dio Republike Srpske.<\/p>\n<p>Po dobijanju certifikata No.2021003-001-21, pri na\u0161oj firmi stvaramo brend BIO HERBIS.<\/p>\n<p>\t\t\t\t\t\t\t\t\t\t\t\t\t\t\t\t<a href=\"https:\/\/bioherbis.ba\/wp-content\/uploads\/2022\/06\/509c7e4d22964d4898bfe829c3a347b7-0001.jpg\" data-elementor-open-lightbox=\"yes\" data-elementor-lightbox-title=\"509c7e4d22964d4898bfe829c3a347b7-0001\"><br \/>\n\t\t\t\t\t\t\t<img decoding=\"async\" width=\"1500\" height=\"2119\" src=\"https:\/\/bioherbis.ba\/wp-content\/uploads\/2022\/06\/509c7e4d22964d4898bfe829c3a347b7-0001.jpg\" alt=\"\" loading=\"lazy\" srcset=\"https:\/\/bioherbis.ba\/wp-content\/uploads\/2022\/06\/509c7e4d22964d4898bfe829c3a347b7-0001.jpg 1500w, https:\/\/bioherbis.ba\/wp-content\/uploads\/2022\/06\/509c7e4d22964d4898bfe829c3a347b7-0001-212x300.jpg 212w, https:\/\/bioherbis.ba\/wp-content\/uploads\/2022\/06\/509c7e4d22964d4898bfe829c3a347b7-0001-725x1024.jpg 725w, https:\/\/bioherbis.ba\/wp-content\/uploads\/2022\/06\/509c7e4d22964d4898bfe829c3a347b7-0001-768x1085.jpg 768w, https:\/\/bioherbis.ba\/wp-content\/uploads\/2022\/06\/509c7e4d22964d4898bfe829c3a347b7-0001-1087x1536.jpg 1087w, https:\/\/bioherbis.ba\/wp-content\/uploads\/2022\/06\/509c7e4d22964d4898bfe829c3a347b7-0001-1450x2048.jpg 1450w\" sizes=\"auto, (max-width: 1500px) 100vw, 1500px\" \/>\t\t\t\t\t\t\t\t<\/a><br \/>\n\t\t\t\t\t\t\t\t\t\t\t\t\t\t\t\t<a href=\"https:\/\/bioherbis.ba\/wp-content\/uploads\/2022\/06\/509c7e4d22964d4898bfe829c3a347b7-0002-1.jpg\" data-elementor-open-lightbox=\"yes\" data-elementor-lightbox-title=\"509c7e4d22964d4898bfe829c3a347b7-0002\"><br \/>\n\t\t\t\t\t\t\t<img decoding=\"async\" width=\"725\" height=\"1024\" src=\"https:\/\/bioherbis.ba\/wp-content\/uploads\/2022\/06\/509c7e4d22964d4898bfe829c3a347b7-0002-1-725x1024.jpg\" alt=\"\" loading=\"lazy\" srcset=\"https:\/\/bioherbis.ba\/wp-content\/uploads\/2022\/06\/509c7e4d22964d4898bfe829c3a347b7-0002-1-725x1024.jpg 725w, https:\/\/bioherbis.ba\/wp-content\/uploads\/2022\/06\/509c7e4d22964d4898bfe829c3a347b7-0002-1-212x300.jpg 212w, https:\/\/bioherbis.ba\/wp-content\/uploads\/2022\/06\/509c7e4d22964d4898bfe829c3a347b7-0002-1-768x1085.jpg 768w, https:\/\/bioherbis.ba\/wp-content\/uploads\/2022\/06\/509c7e4d22964d4898bfe829c3a347b7-0002-1-1087x1536.jpg 1087w, https:\/\/bioherbis.ba\/wp-content\/uploads\/2022\/06\/509c7e4d22964d4898bfe829c3a347b7-0002-1-1450x2048.jpg 1450w, https:\/\/bioherbis.ba\/wp-content\/uploads\/2022\/06\/509c7e4d22964d4898bfe829c3a347b7-0002-1.jpg 1500w\" sizes=\"auto, (max-width: 725px) 100vw, 725px\" \/>\t\t\t\t\t\t\t\t<\/a><\/p>\n<h2>Zavirite u prirodu Bosne i Hercegovine<\/h2>\n<p>\t\t\t<a href=\"#\" role=\"button\"><br \/>\n\t\t\t\t\t\tbiljke iz na\u0161e ponude<br \/>\n\t\t\t\t\t<\/a><\/p>\n","protected":false},"excerpt":{"rendered":"<p>100 godina privatnog porodi\u010dnog biznisa Na\u0161a firma GIR d.o.o. Gra\u010danica nastavlja skoro 100 godina staru tradiciju porodi\u010dnog privatnog biznisa. Posljednje \u010detiri decenije privredna aktivnost ogleda se u proizvodnji predmeta od plastike, a dvadeset godina i u trgovinskoj djelatnosti. Od po\u010detka 2021.god., uz ranije stvorene uslove, firma se po\u010dinje baviti odabirom, otkupom, preradom i prodajomsamoniklog ljekovitog [&hellip;]<\/p>\n","protected":false},"author":2,"featured_media":0,"parent":0,"menu_order":1,"comment_status":"closed","ping_status":"closed","template":"","meta":{"footnotes":""},"class_list":["post-52","page","type-page","status-publish","hentry"],"_links":{"self":[{"href":"https:\/\/bioherbis.ba\/index.php\/wp-json\/wp\/v2\/pages\/52","targetHints":{"allow":["GET"]}}],"collection":[{"href":"https:\/\/bioherbis.ba\/index.php\/wp-json\/wp\/v2\/pages"}],"about":[{"href":"https:\/\/bioherbis.ba\/index.php\/wp-json\/wp\/v2\/types\/page"}],"author":[{"embeddable":true,"href":"https:\/\/bioherbis.ba\/index.php\/wp-json\/wp\/v2\/users\/2"}],"replies":[{"embeddable":true,"href":"https:\/\/bioherbis.ba\/index.php\/wp-json\/wp\/v2\/comments?post=52"}],"version-history":[{"count":100,"href":"https:\/\/bioherbis.ba\/index.php\/wp-json\/wp\/v2\/pages\/52\/revisions"}],"predecessor-version":[{"id":1175,"href":"https:\/\/bioherbis.ba\/index.php\/wp-json\/wp\/v2\/pages\/52\/revisions\/1175"}],"wp:attachment":[{"href":"https:\/\/bioherbis.ba\/index.php\/wp-json\/wp\/v2\/media?parent=52"}],"curies":[{"name":"wp","href":"https:\/\/api.w.org\/{rel}","templated":true}]}}