{"id":657,"date":"2021-05-27T17:08:40","date_gmt":"2021-05-27T15:08:40","guid":{"rendered":"https:\/\/bioherbis.ba\/?page_id=657"},"modified":"2021-06-21T11:21:11","modified_gmt":"2021-06-21T09:21:11","slug":"startseite","status":"publish","type":"page","link":"https:\/\/bioherbis.ba\/index.php\/startseite\/","title":{"rendered":"Startseite"},"content":{"rendered":"<h2>Eine Geschichte der Hingabe und Ausdauer<\/h2>\n<h2><b>100 Jahre privates Familienunternehmen<\/b><\/h2>\n<p>\t\t\t<a role=\"button\"><br \/>\n\t\t\t\t\t\tsprich \u00fcber uns<br \/>\n\t\t\t\t\t<\/a><\/p>\n<figure><img decoding=\"async\" width=\"300\" height=\"300\" src=\"https:\/\/bioherbis.ba\/wp-content\/uploads\/2021\/06\/ok.png\" alt=\"\" loading=\"lazy\" srcset=\"https:\/\/bioherbis.ba\/wp-content\/uploads\/2021\/06\/ok.png 300w, https:\/\/bioherbis.ba\/wp-content\/uploads\/2021\/06\/ok-150x150.png 150w\" sizes=\"auto, (max-width: 300px) 100vw, 300px\" \/><\/figure>\n<h3>Bio-Kontrolle<\/h3>\n<p>Die Akkreditierung &#8220;OK&#8221; des Bio-Zertifizierungsprogramms umfasst die Akkreditierung f\u00fcr: Pflanzenproduktion, Produktsammlung, Verarbeitung und Verkauf.<\/p>\n<figure><img decoding=\"async\" width=\"300\" height=\"300\" src=\"https:\/\/bioherbis.ba\/wp-content\/uploads\/2021\/06\/ioas.png\" alt=\"\" loading=\"lazy\" srcset=\"https:\/\/bioherbis.ba\/wp-content\/uploads\/2021\/06\/ioas.png 300w, https:\/\/bioherbis.ba\/wp-content\/uploads\/2021\/06\/ioas-150x150.png 150w\" sizes=\"auto, (max-width: 300px) 100vw, 300px\" \/><\/figure>\n<h3>Internationaler Bio-Akkreditierungsservice<\/h3>\n<p>IOAS ist eine gemeinn\u00fctzige Organisation, die sich der Integrit\u00e4t von Umweltzeichen im Bereich der \u00f6kologischen und selbsttragenden Landwirtschaft verschrieben hat.<\/p>\n<figure><img decoding=\"async\" width=\"300\" height=\"300\" src=\"https:\/\/bioherbis.ba\/wp-content\/uploads\/2021\/06\/kbalitet.png\" alt=\"\" loading=\"lazy\" srcset=\"https:\/\/bioherbis.ba\/wp-content\/uploads\/2021\/06\/kbalitet.png 300w, https:\/\/bioherbis.ba\/wp-content\/uploads\/2021\/06\/kbalitet-150x150.png 150w\" sizes=\"auto, (max-width: 300px) 100vw, 300px\" \/><\/figure>\n<h3>Erntegebiete<\/h3>\n<p>Bosnien und Herzegowina ist reich an nat\u00fcrlichen Ressourcen, die das Wachstum vieler Wildkr\u00e4uterarten beg\u00fcnstigen.<\/p>\n<h3>Finde mehr<\/h3>\n<h2>\u00fcber uns<\/h2>\n<p>Ab Anfang 2021 beginnt das Unternehmen mit den zuvor geschaffenen Voraussetzungen, sich mit der Auswahl, dem Einkauf, der Verarbeitung und dem Verkauf von Wildheilpflanzen gem\u00e4\u00df dem Zertifizierungsprogramm Organic Control \u201eOK\u201c zu befassen.<\/p>\n<p>\t\t\t<a role=\"button\"><br \/>\n\t\t\t\t\t\tmehr<br \/>\n\t\t\t\t\t<\/a><\/p>\n<h2>F\u00fcr einen Hauch von Natur<\/h2>\n<h2>KONTAKTIERE UNS<\/h2>\n<p>\t\t\t<a role=\"button\"><br \/>\n\t\t\t\t\t\tKONTAKT<br \/>\n\t\t\t\t\t<\/a><\/p>\n<h2>Angebot<\/h2>\n<figure>\n\t\t\t\t\t\t\t\t\t\t\t<a href=\"https:\/\/bioherbis.ba\/index.php\/ponuda\/\"><br \/>\n\t\t\t\t\t\t\t<img decoding=\"async\" src=\"https:\/\/bioherbis.ba\/wp-content\/uploads\/elementor\/thumbs\/04_belis-perennis-p8gclkmg26hmef36sx1fxjiskfxx62da8o69i9har0.jpg\" title=\"04_belis-perennis\" alt=\"04_belis-perennis\" \/>\t\t\t\t\t\t\t\t<\/a><figcaption>Belis perennis<\/figcaption><\/figure>\n<figure>\n\t\t\t\t\t\t\t\t\t\t\t<a href=\"https:\/\/bioherbis.ba\/index.php\/ponuda\/\"><br \/>\n\t\t\t\t\t\t\t<img decoding=\"async\" src=\"https:\/\/bioherbis.ba\/wp-content\/uploads\/elementor\/thumbs\/15_malva-silvestris-p8gclnfymolhd8z3cg9bn0t6clk0t5oh924py3d48c.jpg\" title=\"15_malva-silvestris\" alt=\"15_malva-silvestris\" \/>\t\t\t\t\t\t\t\t<\/a><figcaption>Orchis morio<\/figcaption><\/figure>\n<figure>\n\t\t\t\t\t\t\t\t\t\t\t<a href=\"https:\/\/bioherbis.ba\/index.php\/ponuda\/\"><br \/>\n\t\t\t\t\t\t\t<img decoding=\"async\" src=\"https:\/\/bioherbis.ba\/wp-content\/uploads\/elementor\/thumbs\/17_mentha-piperita-p8gclodstimrouxq6yny7ikmxzfe0us7l6s7fdbq24.jpg\" title=\"17_mentha-piperita\" alt=\"17_mentha-piperita\" \/>\t\t\t\t\t\t\t\t<\/a><figcaption>Mentha piperita<\/figcaption><\/figure>\n<p>\t\t\t<a role=\"button\"><br \/>\n\t\t\t\t\t\tSehen Sie das komplette Angebot<br \/>\n\t\t\t\t\t<\/a><\/p>\n","protected":false},"excerpt":{"rendered":"<p>Eine Geschichte der Hingabe und Ausdauer 100 Jahre privates Familienunternehmen sprich \u00fcber uns Bio-Kontrolle Die Akkreditierung &#8220;OK&#8221; des Bio-Zertifizierungsprogramms umfasst die Akkreditierung f\u00fcr: Pflanzenproduktion, Produktsammlung, Verarbeitung und Verkauf. Internationaler Bio-Akkreditierungsservice IOAS ist eine gemeinn\u00fctzige Organisation, die sich der Integrit\u00e4t von Umweltzeichen im Bereich der \u00f6kologischen und selbsttragenden Landwirtschaft verschrieben hat. Erntegebiete Bosnien und Herzegowina ist [&hellip;]<\/p>\n","protected":false},"author":2,"featured_media":0,"parent":0,"menu_order":0,"comment_status":"closed","ping_status":"closed","template":"","meta":{"footnotes":""},"class_list":["post-657","page","type-page","status-publish","hentry"],"_links":{"self":[{"href":"https:\/\/bioherbis.ba\/index.php\/wp-json\/wp\/v2\/pages\/657","targetHints":{"allow":["GET"]}}],"collection":[{"href":"https:\/\/bioherbis.ba\/index.php\/wp-json\/wp\/v2\/pages"}],"about":[{"href":"https:\/\/bioherbis.ba\/index.php\/wp-json\/wp\/v2\/types\/page"}],"author":[{"embeddable":true,"href":"https:\/\/bioherbis.ba\/index.php\/wp-json\/wp\/v2\/users\/2"}],"replies":[{"embeddable":true,"href":"https:\/\/bioherbis.ba\/index.php\/wp-json\/wp\/v2\/comments?post=657"}],"version-history":[{"count":34,"href":"https:\/\/bioherbis.ba\/index.php\/wp-json\/wp\/v2\/pages\/657\/revisions"}],"predecessor-version":[{"id":1101,"href":"https:\/\/bioherbis.ba\/index.php\/wp-json\/wp\/v2\/pages\/657\/revisions\/1101"}],"wp:attachment":[{"href":"https:\/\/bioherbis.ba\/index.php\/wp-json\/wp\/v2\/media?parent=657"}],"curies":[{"name":"wp","href":"https:\/\/api.w.org\/{rel}","templated":true}]}}